{"id":1524,"date":"2022-01-18T14:25:12","date_gmt":"2022-01-18T14:25:12","guid":{"rendered":"https:\/\/frokensmart.is\/siggi\/experience\/"},"modified":"2023-06-22T13:45:23","modified_gmt":"2023-06-22T13:45:23","slug":"namogstorf","status":"publish","type":"page","link":"https:\/\/frokensmart.is\/siggi\/namogstorf\/","title":{"rendered":"namogstorf"},"content":{"rendered":"\t\t<div data-elementor-type=\"wp-page\" data-elementor-id=\"1524\" class=\"elementor elementor-1524\" data-elementor-post-type=\"page\">\n\t\t\t\t\t\t\t\t\t<section class=\"elementor-section elementor-top-section elementor-element elementor-element-41f14096 elementor-section-height-min-height elementor-section-items-stretch elementor-section-content-middle elementor-section-boxed elementor-section-height-default\" data-id=\"41f14096\" data-element_type=\"section\" data-settings=\"{&quot;background_background&quot;:&quot;classic&quot;}\">\n\t\t\t\t\t\t<div class=\"elementor-container elementor-column-gap-default\">\n\t\t\t\t\t<div class=\"elementor-column elementor-col-50 elementor-top-column elementor-element elementor-element-50fabfdb\" data-id=\"50fabfdb\" data-element_type=\"column\">\n\t\t\t<div class=\"elementor-widget-wrap elementor-element-populated\">\n\t\t\t\t\t\t\t\t<section class=\"elementor-section elementor-inner-section elementor-element elementor-element-28040a96 elementor-section-full_width elementor-section-content-middle elementor-section-height-default elementor-section-height-default\" data-id=\"28040a96\" data-element_type=\"section\">\n\t\t\t\t\t\t<div class=\"elementor-container elementor-column-gap-no\">\n\t\t\t\t\t<div class=\"elementor-column elementor-col-50 elementor-inner-column elementor-element elementor-element-4f7b09db\" data-id=\"4f7b09db\" data-element_type=\"column\">\n\t\t\t<div class=\"elementor-widget-wrap elementor-element-populated\">\n\t\t\t\t\t\t\t\t<div class=\"elementor-element elementor-element-160a2c7f elementor-widget elementor-widget-text-editor\" data-id=\"160a2c7f\" data-element_type=\"widget\" data-widget_type=\"text-editor.default\">\n\t\t\t\t<div class=\"elementor-widget-container\">\n\t\t\t<style>\/*! elementor - v3.14.0 - 18-06-2023 *\/\n.elementor-widget-text-editor.elementor-drop-cap-view-stacked .elementor-drop-cap{background-color:#69727d;color:#fff}.elementor-widget-text-editor.elementor-drop-cap-view-framed .elementor-drop-cap{color:#69727d;border:3px solid;background-color:transparent}.elementor-widget-text-editor:not(.elementor-drop-cap-view-default) .elementor-drop-cap{margin-top:8px}.elementor-widget-text-editor:not(.elementor-drop-cap-view-default) .elementor-drop-cap-letter{width:1em;height:1em}.elementor-widget-text-editor .elementor-drop-cap{float:left;text-align:center;line-height:1;font-size:50px}.elementor-widget-text-editor .elementor-drop-cap-letter{display:inline-block}<\/style>\t\t\t\t<p><strong>Sigur\u00f0rur Sk\u00falason<\/strong><br \/>F\u00e6ddist \u00ed Reykjav\u00edk \u00fe. 10. desember 1946<\/p>\t\t\t\t\t\t<\/div>\n\t\t\t\t<\/div>\n\t\t\t\t<div class=\"elementor-element elementor-element-7444e481 elementor-widget elementor-widget-heading\" data-id=\"7444e481\" data-element_type=\"widget\" data-widget_type=\"heading.default\">\n\t\t\t\t<div class=\"elementor-widget-container\">\n\t\t\t<style>\/*! elementor - v3.14.0 - 18-06-2023 *\/\n.elementor-heading-title{padding:0;margin:0;line-height:1}.elementor-widget-heading .elementor-heading-title[class*=elementor-size-]>a{color:inherit;font-size:inherit;line-height:inherit}.elementor-widget-heading .elementor-heading-title.elementor-size-small{font-size:15px}.elementor-widget-heading .elementor-heading-title.elementor-size-medium{font-size:19px}.elementor-widget-heading .elementor-heading-title.elementor-size-large{font-size:29px}.elementor-widget-heading .elementor-heading-title.elementor-size-xl{font-size:39px}.elementor-widget-heading .elementor-heading-title.elementor-size-xxl{font-size:59px}<\/style><h2 class=\"elementor-heading-title elementor-size-default\">N\u00e1m<\/h2>\t\t<\/div>\n\t\t\t\t<\/div>\n\t\t\t\t<div class=\"elementor-element elementor-element-3f46812b elementor-widget-divider--view-line elementor-widget elementor-widget-divider\" data-id=\"3f46812b\" data-element_type=\"widget\" data-widget_type=\"divider.default\">\n\t\t\t\t<div class=\"elementor-widget-container\">\n\t\t\t<style>\/*! elementor - v3.14.0 - 18-06-2023 *\/\n.elementor-widget-divider{--divider-border-style:none;--divider-border-width:1px;--divider-color:#0c0d0e;--divider-icon-size:20px;--divider-element-spacing:10px;--divider-pattern-height:24px;--divider-pattern-size:20px;--divider-pattern-url:none;--divider-pattern-repeat:repeat-x}.elementor-widget-divider .elementor-divider{display:flex}.elementor-widget-divider .elementor-divider__text{font-size:15px;line-height:1;max-width:95%}.elementor-widget-divider .elementor-divider__element{margin:0 var(--divider-element-spacing);flex-shrink:0}.elementor-widget-divider .elementor-icon{font-size:var(--divider-icon-size)}.elementor-widget-divider .elementor-divider-separator{display:flex;margin:0;direction:ltr}.elementor-widget-divider--view-line_icon .elementor-divider-separator,.elementor-widget-divider--view-line_text .elementor-divider-separator{align-items:center}.elementor-widget-divider--view-line_icon .elementor-divider-separator:after,.elementor-widget-divider--view-line_icon .elementor-divider-separator:before,.elementor-widget-divider--view-line_text .elementor-divider-separator:after,.elementor-widget-divider--view-line_text .elementor-divider-separator:before{display:block;content:\"\";border-bottom:0;flex-grow:1;border-top:var(--divider-border-width) var(--divider-border-style) var(--divider-color)}.elementor-widget-divider--element-align-left .elementor-divider .elementor-divider-separator>.elementor-divider__svg:first-of-type{flex-grow:0;flex-shrink:100}.elementor-widget-divider--element-align-left .elementor-divider-separator:before{content:none}.elementor-widget-divider--element-align-left .elementor-divider__element{margin-left:0}.elementor-widget-divider--element-align-right .elementor-divider .elementor-divider-separator>.elementor-divider__svg:last-of-type{flex-grow:0;flex-shrink:100}.elementor-widget-divider--element-align-right .elementor-divider-separator:after{content:none}.elementor-widget-divider--element-align-right .elementor-divider__element{margin-right:0}.elementor-widget-divider:not(.elementor-widget-divider--view-line_text):not(.elementor-widget-divider--view-line_icon) .elementor-divider-separator{border-top:var(--divider-border-width) var(--divider-border-style) var(--divider-color)}.elementor-widget-divider--separator-type-pattern{--divider-border-style:none}.elementor-widget-divider--separator-type-pattern.elementor-widget-divider--view-line .elementor-divider-separator,.elementor-widget-divider--separator-type-pattern:not(.elementor-widget-divider--view-line) .elementor-divider-separator:after,.elementor-widget-divider--separator-type-pattern:not(.elementor-widget-divider--view-line) .elementor-divider-separator:before,.elementor-widget-divider--separator-type-pattern:not([class*=elementor-widget-divider--view]) .elementor-divider-separator{width:100%;min-height:var(--divider-pattern-height);-webkit-mask-size:var(--divider-pattern-size) 100%;mask-size:var(--divider-pattern-size) 100%;-webkit-mask-repeat:var(--divider-pattern-repeat);mask-repeat:var(--divider-pattern-repeat);background-color:var(--divider-color);-webkit-mask-image:var(--divider-pattern-url);mask-image:var(--divider-pattern-url)}.elementor-widget-divider--no-spacing{--divider-pattern-size:auto}.elementor-widget-divider--bg-round{--divider-pattern-repeat:round}.rtl .elementor-widget-divider .elementor-divider__text{direction:rtl}.e-con-inner>.elementor-widget-divider,.e-con>.elementor-widget-divider{width:var(--container-widget-width,100%);--flex-grow:var(--container-widget-flex-grow)}<\/style>\t\t<div class=\"elementor-divider\">\n\t\t\t<span class=\"elementor-divider-separator\">\n\t\t\t\t\t\t<\/span>\n\t\t<\/div>\n\t\t\t\t<\/div>\n\t\t\t\t<\/div>\n\t\t\t\t<div class=\"elementor-element elementor-element-696c9d4c elementor-widget elementor-widget-heading\" data-id=\"696c9d4c\" data-element_type=\"widget\" data-widget_type=\"heading.default\">\n\t\t\t\t<div class=\"elementor-widget-container\">\n\t\t\t<h3 class=\"elementor-heading-title elementor-size-default\">Listdanssk\u00f3li \u00dej\u00f3\u00f0leikh\u00fassins\/Erik Bidsted 1956-60\nLeiklistarsk\u00f3li \u00c6vars Kvaran 1963-64\n<br>Verslunarsk\u00f3li \u00cdslands 1960-66\n<br>Leiklistarsk\u00f3li \u00dej\u00f3\u00f0leikh\u00fassins 1964-67<\/h3>\t\t<\/div>\n\t\t\t\t<\/div>\n\t\t\t\t<div class=\"elementor-element elementor-element-335ad807 elementor-widget elementor-widget-heading\" data-id=\"335ad807\" data-element_type=\"widget\" data-widget_type=\"heading.default\">\n\t\t\t\t<div class=\"elementor-widget-container\">\n\t\t\t<h2 class=\"elementor-heading-title elementor-size-default\">St\u00f6rf<\/h2>\t\t<\/div>\n\t\t\t\t<\/div>\n\t\t\t\t<div class=\"elementor-element elementor-element-6cb78143 elementor-widget-divider--view-line elementor-widget elementor-widget-divider\" data-id=\"6cb78143\" data-element_type=\"widget\" data-widget_type=\"divider.default\">\n\t\t\t\t<div class=\"elementor-widget-container\">\n\t\t\t\t\t<div class=\"elementor-divider\">\n\t\t\t<span class=\"elementor-divider-separator\">\n\t\t\t\t\t\t<\/span>\n\t\t<\/div>\n\t\t\t\t<\/div>\n\t\t\t\t<\/div>\n\t\t\t\t<div class=\"elementor-element elementor-element-57f8161a elementor-widget elementor-widget-text-editor\" data-id=\"57f8161a\" data-element_type=\"widget\" data-widget_type=\"text-editor.default\">\n\t\t\t\t<div class=\"elementor-widget-container\">\n\t\t\t\t\t\t\t<p>\u00de\u00f3 Sigur\u00f0ur hafi fyrst og fremst starfa\u00f0 sem leikari og vi\u00f0 leiklistartengd st\u00f6rf hefur hann fengist vi\u00f0 \u00fdmis \u00f6nnur st\u00f6rf \u00e1 l\u00edfslei\u00f0inni, s.s. almenna verkamannavinnu,<br \/>verslunar- og skrifstofust\u00f6rf, byggingarvinnu, s\u00fdningarstj\u00f3rn, ritst\u00f6rf, p\u00f3stbur\u00f0 og pr\u00f3farkalestur.<br \/>\u00de\u00e1 hefur Sigur\u00f0ur gegnt \u00fdmsum tr\u00fana\u00f0arst\u00f6rfum fyrir f\u00e9l\u00f6g leikara, Leikaraf\u00e9lag \u00dej\u00f3\u00f0leikh\u00fassins og F\u00e9lag \u00edslenskra leikara, en einnig fyrir Starfsmannaf\u00e9lag r\u00edkisstofnana.<br \/>\u00cd seinni t\u00ed\u00f0 hefur Sigur\u00f0ur auki\u00f0 vi\u00f0 starfssvi\u00f0 sitt me\u00f0 kennslu \u00ed frams\u00f6gn og n\u00e1mskei\u00f0um \u00ed flutningi bundins m\u00e1ls og \u00f3bundins.<\/p>\t\t\t\t\t\t<\/div>\n\t\t\t\t<\/div>\n\t\t\t\t<div class=\"elementor-element elementor-element-99f10ca elementor-widget elementor-widget-heading\" data-id=\"99f10ca\" data-element_type=\"widget\" data-widget_type=\"heading.default\">\n\t\t\t\t<div class=\"elementor-widget-container\">\n\t\t\t<h2 class=\"elementor-heading-title elementor-size-default\">N\u00e1mskei\u00f0 og endurmenntun<\/h2>\t\t<\/div>\n\t\t\t\t<\/div>\n\t\t\t\t<div class=\"elementor-element elementor-element-452b386 elementor-widget-divider--view-line elementor-widget elementor-widget-divider\" data-id=\"452b386\" data-element_type=\"widget\" data-widget_type=\"divider.default\">\n\t\t\t\t<div class=\"elementor-widget-container\">\n\t\t\t\t\t<div class=\"elementor-divider\">\n\t\t\t<span class=\"elementor-divider-separator\">\n\t\t\t\t\t\t<\/span>\n\t\t<\/div>\n\t\t\t\t<\/div>\n\t\t\t\t<\/div>\n\t\t\t\t<div class=\"elementor-element elementor-element-19e35bc elementor-widget elementor-widget-text-editor\" data-id=\"19e35bc\" data-element_type=\"widget\" data-widget_type=\"text-editor.default\">\n\t\t\t\t<div class=\"elementor-widget-container\">\n\t\t\t\t\t\t\t<p>Sigur\u00f0ur hefur s\u00f3tt \u00f3tal n\u00e1mskei\u00f0 og fari\u00f0 \u00ed smi\u00f0jur h\u00e9rlendis og erlendis, b\u00e6\u00f0i faglegs e\u00f0lis sem og til pers\u00f3nulegrar uppbyggingar og starfa\u00f0 \u00ed samvinnu vi\u00f0 e\u00f0a undir lei\u00f0s\u00f6gn kunn\u00e1ttuf\u00f3lks fr\u00e1 Nor\u00f0url\u00f6ndunum, Englandi, R\u00fasslandi, Bandar\u00edkjunum og Kanada &#8211; a\u00f0 r\u00f6dd og raddbeitingu, l\u00edkamshreyfingu, leik og l\u00e1tbrag\u00f0sleik, tilfinningatj\u00e1ningu, s\u00e1lgreiningu, huglei\u00f0slu o.fl.\u00a0\u00a0\u00a0<\/p>\t\t\t\t\t\t<\/div>\n\t\t\t\t<\/div>\n\t\t\t\t\t<\/div>\n\t\t<\/div>\n\t\t\t\t<div class=\"elementor-column elementor-col-50 elementor-inner-column elementor-element elementor-element-8283f2\" data-id=\"8283f2\" data-element_type=\"column\">\n\t\t\t<div class=\"elementor-widget-wrap elementor-element-populated\">\n\t\t\t\t\t\t\t\t<div class=\"elementor-element elementor-element-4232a3cf elementor-widget-divider--view-line elementor-widget elementor-widget-divider\" data-id=\"4232a3cf\" data-element_type=\"widget\" data-widget_type=\"divider.default\">\n\t\t\t\t<div class=\"elementor-widget-container\">\n\t\t\t\t\t<div class=\"elementor-divider\">\n\t\t\t<span class=\"elementor-divider-separator\">\n\t\t\t\t\t\t<\/span>\n\t\t<\/div>\n\t\t\t\t<\/div>\n\t\t\t\t<\/div>\n\t\t\t\t<div class=\"elementor-element elementor-element-c46de9c elementor-widget elementor-widget-wp-widget-media_image\" data-id=\"c46de9c\" data-element_type=\"widget\" data-widget_type=\"wp-widget-media_image.default\">\n\t\t\t\t<div class=\"elementor-widget-container\">\n\t\t\t<a href=\"https:\/\/frokensmart.is\/siggi\/wp-content\/uploads\/2021\/09\/droppedImage-26.jpg\"><img loading=\"lazy\" decoding=\"async\" width=\"300\" height=\"241\" src=\"https:\/\/frokensmart.is\/siggi\/wp-content\/uploads\/2021\/09\/droppedImage-26-300x241.jpg\" class=\"image wp-image-779  attachment-300x241 size-300x241\" alt=\"\" style=\"max-width: 100%; height: auto;\" srcset=\"https:\/\/frokensmart.is\/siggi\/wp-content\/uploads\/2021\/09\/droppedImage-26-300x241.jpg 300w, https:\/\/frokensmart.is\/siggi\/wp-content\/uploads\/2021\/09\/droppedImage-26-768x618.jpg 768w, https:\/\/frokensmart.is\/siggi\/wp-content\/uploads\/2021\/09\/droppedImage-26.jpg 890w\" sizes=\"auto, (max-width: 300px) 100vw, 300px\" \/><\/a>\t\t<\/div>\n\t\t\t\t<\/div>\n\t\t\t\t<div class=\"elementor-element elementor-element-65909ee elementor-widget elementor-widget-wp-widget-media_image\" data-id=\"65909ee\" data-element_type=\"widget\" data-widget_type=\"wp-widget-media_image.default\">\n\t\t\t\t<div class=\"elementor-widget-container\">\n\t\t\t<a href=\"https:\/\/frokensmart.is\/siggi\/wp-content\/uploads\/2021\/09\/shapeimage_1-13.png\"><img loading=\"lazy\" decoding=\"async\" width=\"300\" height=\"249\" src=\"https:\/\/frokensmart.is\/siggi\/wp-content\/uploads\/2021\/09\/shapeimage_1-13-300x249.png\" class=\"image wp-image-1191  attachment-300x249 size-300x249\" alt=\"\" style=\"max-width: 100%; height: auto;\" srcset=\"https:\/\/frokensmart.is\/siggi\/wp-content\/uploads\/2021\/09\/shapeimage_1-13-300x249.png 300w, https:\/\/frokensmart.is\/siggi\/wp-content\/uploads\/2021\/09\/shapeimage_1-13.png 724w\" sizes=\"auto, (max-width: 300px) 100vw, 300px\" \/><\/a>\t\t<\/div>\n\t\t\t\t<\/div>\n\t\t\t\t<div class=\"elementor-element elementor-element-9cd60c4 elementor-widget elementor-widget-wp-widget-media_image\" data-id=\"9cd60c4\" data-element_type=\"widget\" data-widget_type=\"wp-widget-media_image.default\">\n\t\t\t\t<div class=\"elementor-widget-container\">\n\t\t\t<a href=\"https:\/\/frokensmart.is\/siggi\/wp-content\/uploads\/2021\/09\/droppedImage-42.jpg\"><img loading=\"lazy\" decoding=\"async\" width=\"300\" height=\"239\" src=\"https:\/\/frokensmart.is\/siggi\/wp-content\/uploads\/2021\/09\/droppedImage-42-300x239.jpg\" class=\"image wp-image-1211  attachment-300x239 size-300x239\" alt=\"\" style=\"max-width: 100%; height: auto;\" srcset=\"https:\/\/frokensmart.is\/siggi\/wp-content\/uploads\/2021\/09\/droppedImage-42-300x239.jpg 300w, https:\/\/frokensmart.is\/siggi\/wp-content\/uploads\/2021\/09\/droppedImage-42.jpg 716w\" sizes=\"auto, (max-width: 300px) 100vw, 300px\" \/><\/a>\t\t<\/div>\n\t\t\t\t<\/div>\n\t\t\t\t<div class=\"elementor-element elementor-element-1c65d42 elementor-widget elementor-widget-wp-widget-media_image\" data-id=\"1c65d42\" data-element_type=\"widget\" data-widget_type=\"wp-widget-media_image.default\">\n\t\t\t\t<div class=\"elementor-widget-container\">\n\t\t\t<a href=\"https:\/\/frokensmart.is\/siggi\/wp-content\/uploads\/2021\/09\/shapeimage_1-10.png\"><img loading=\"lazy\" decoding=\"async\" width=\"178\" height=\"300\" src=\"https:\/\/frokensmart.is\/siggi\/wp-content\/uploads\/2021\/09\/shapeimage_1-10-178x300.png\" class=\"image wp-image-791  attachment-medium size-medium\" alt=\"\" style=\"max-width: 100%; height: auto;\" srcset=\"https:\/\/frokensmart.is\/siggi\/wp-content\/uploads\/2021\/09\/shapeimage_1-10-178x300.png 178w, https:\/\/frokensmart.is\/siggi\/wp-content\/uploads\/2021\/09\/shapeimage_1-10.png 457w\" sizes=\"auto, (max-width: 178px) 100vw, 178px\" \/><\/a>\t\t<\/div>\n\t\t\t\t<\/div>\n\t\t\t\t\t<\/div>\n\t\t<\/div>\n\t\t\t\t\t\t\t<\/div>\n\t\t<\/section>\n\t\t\t\t\t<\/div>\n\t\t<\/div>\n\t\t\t\t<div class=\"elementor-column elementor-col-50 elementor-top-column elementor-element elementor-element-25595253\" data-id=\"25595253\" data-element_type=\"column\">\n\t\t\t<div class=\"elementor-widget-wrap elementor-element-populated\">\n\t\t\t\t\t\t\t\t<div class=\"elementor-element elementor-element-7cf8882d elementor-view-framed elementor-widget__width-auto elementor-shape-circle elementor-mobile-position-top elementor-vertical-align-top elementor-invisible elementor-widget elementor-widget-icon-box\" data-id=\"7cf8882d\" data-element_type=\"widget\" data-settings=\"{&quot;_animation&quot;:&quot;fadeIn&quot;,&quot;_animation_delay&quot;:&quot;2000&quot;}\" data-widget_type=\"icon-box.default\">\n\t\t\t\t<div class=\"elementor-widget-container\">\n\t\t\t<link rel=\"stylesheet\" href=\"https:\/\/frokensmart.is\/siggi\/wp-content\/plugins\/elementor\/assets\/css\/widget-icon-box.min.css\">\t\t<div class=\"elementor-icon-box-wrapper\">\n\t\t\t\t\t\t<div class=\"elementor-icon-box-icon\">\n\t\t\t\t<a class=\"elementor-icon elementor-animation-\" href=\"https:\/\/frokensmart.is\/siggi\/\">\n\t\t\t\t<svg xmlns=\"http:\/\/www.w3.org\/2000\/svg\" id=\"ab1534ee-5392-4c5d-9ce1-89502d406aea\" data-name=\"Layer 1\" width=\"35.3447\" height=\"19.2886\" viewBox=\"0 0 35.3447 19.2886\"><polygon points=\"0.338 9.807 0 10.15 0.014 10.164 0.001 10.178 0.359 10.504 0.713 10.852 0.727 10.838 10.028 19.289 10.7 18.548 1.849 10.507 35.345 10.507 35.345 9.507 2.036 9.507 10.701 0.701 9.988 0 0.688 9.451 0.673 9.438 0.338 9.807\"><\/polygon><\/svg>\t\t\t\t<\/a>\n\t\t\t<\/div>\n\t\t\t\t\t\t<div class=\"elementor-icon-box-content\">\n\t\t\t\t<h3 class=\"elementor-icon-box-title\">\n\t\t\t\t\t<a href=\"https:\/\/frokensmart.is\/siggi\/\" >\n\t\t\t\t\t\t\t\t\t\t\t<\/a>\n\t\t\t\t<\/h3>\n\t\t\t\t\t\t\t<\/div>\n\t\t<\/div>\n\t\t\t\t<\/div>\n\t\t\t\t<\/div>\n\t\t\t\t<div class=\"elementor-element elementor-element-20d1ec30 elementor-view-framed elementor-widget__width-auto elementor-shape-circle elementor-mobile-position-top elementor-vertical-align-top elementor-invisible elementor-widget elementor-widget-icon-box\" data-id=\"20d1ec30\" data-element_type=\"widget\" data-settings=\"{&quot;_animation&quot;:&quot;fadeIn&quot;,&quot;_animation_delay&quot;:&quot;2000&quot;}\" data-widget_type=\"icon-box.default\">\n\t\t\t\t<div class=\"elementor-widget-container\">\n\t\t\t\t\t<div class=\"elementor-icon-box-wrapper\">\n\t\t\t\t\t\t<div class=\"elementor-icon-box-icon\">\n\t\t\t\t<a class=\"elementor-icon elementor-animation-\" href=\"https:\/\/frokensmart.is\/siggi\/nam-og-starf-framhald\/\">\n\t\t\t\t<svg xmlns=\"http:\/\/www.w3.org\/2000\/svg\" id=\"ec440bcb-96f9-4a3e-8eeb-ddca43ca205c\" data-name=\"Layer 1\" width=\"35.3447\" height=\"19.2886\" viewBox=\"0 0 35.3447 19.2886\"><polygon points=\"35.007 9.482 35.345 9.138 35.331 9.125 35.344 9.11 34.986 8.785 34.632 8.437 34.618 8.451 25.316 0 24.645 0.74 33.495 8.782 0 8.782 0 9.782 33.309 9.782 24.644 18.587 25.356 19.289 34.657 9.837 34.672 9.851 35.007 9.482\"><\/polygon><\/svg>\t\t\t\t<\/a>\n\t\t\t<\/div>\n\t\t\t\t\t\t<div class=\"elementor-icon-box-content\">\n\t\t\t\t<h5 class=\"elementor-icon-box-title\">\n\t\t\t\t\t<a href=\"https:\/\/frokensmart.is\/siggi\/nam-og-starf-framhald\/\" >\n\t\t\t\t\t\tN\u00e1nar\t\t\t\t\t<\/a>\n\t\t\t\t<\/h5>\n\t\t\t\t\t\t\t<\/div>\n\t\t<\/div>\n\t\t\t\t<\/div>\n\t\t\t\t<\/div>\n\t\t\t\t\t<\/div>\n\t\t<\/div>\n\t\t\t\t\t\t\t<\/div>\n\t\t<\/section>\n\t\t\t\t\t\t\t<\/div>\n\t\t","protected":false},"excerpt":{"rendered":"<p>Sigur\u00f0rur Sk\u00falasonF\u00e6ddist \u00ed Reykjav\u00edk \u00fe. 10. desember 1946 N\u00e1m Listdanssk\u00f3li \u00dej\u00f3\u00f0leikh\u00fassins\/Erik Bidsted 1956-60 Leiklistarsk\u00f3li \u00c6vars Kvaran 1963-64 Verslunarsk\u00f3li \u00cdslands 1960-66 Leiklistarsk\u00f3li \u00dej\u00f3\u00f0leikh\u00fassins 1964-67 St\u00f6rf \u00de\u00f3 Sigur\u00f0ur hafi fyrst og fremst starfa\u00f0 sem leikari og vi\u00f0 leiklistartengd st\u00f6rf hefur hann fengist vi\u00f0 \u00fdmis \u00f6nnur st\u00f6rf \u00e1 l\u00edfslei\u00f0inni, s.s. almenna verkamannavinnu,verslunar- og skrifstofust\u00f6rf, byggingarvinnu, s\u00fdningarstj\u00f3rn, ritst\u00f6rf, p\u00f3stbur\u00f0 [&hellip;]<\/p>\n","protected":false},"author":1,"featured_media":0,"parent":0,"menu_order":0,"comment_status":"closed","ping_status":"closed","template":"elementor_header_footer","meta":{"footnotes":""},"class_list":["post-1524","page","type-page","status-publish","hentry"],"_links":{"self":[{"href":"https:\/\/frokensmart.is\/siggi\/wp-json\/wp\/v2\/pages\/1524","targetHints":{"allow":["GET"]}}],"collection":[{"href":"https:\/\/frokensmart.is\/siggi\/wp-json\/wp\/v2\/pages"}],"about":[{"href":"https:\/\/frokensmart.is\/siggi\/wp-json\/wp\/v2\/types\/page"}],"author":[{"embeddable":true,"href":"https:\/\/frokensmart.is\/siggi\/wp-json\/wp\/v2\/users\/1"}],"replies":[{"embeddable":true,"href":"https:\/\/frokensmart.is\/siggi\/wp-json\/wp\/v2\/comments?post=1524"}],"version-history":[{"count":61,"href":"https:\/\/frokensmart.is\/siggi\/wp-json\/wp\/v2\/pages\/1524\/revisions"}],"predecessor-version":[{"id":2868,"href":"https:\/\/frokensmart.is\/siggi\/wp-json\/wp\/v2\/pages\/1524\/revisions\/2868"}],"wp:attachment":[{"href":"https:\/\/frokensmart.is\/siggi\/wp-json\/wp\/v2\/media?parent=1524"}],"curies":[{"name":"wp","href":"https:\/\/api.w.org\/{rel}","templated":true}]}}