{"id":307,"date":"2021-09-12T09:45:39","date_gmt":"2021-09-12T09:45:39","guid":{"rendered":"https:\/\/frokensmart.is\/siggi\/?page_id=307"},"modified":"2021-09-22T23:13:34","modified_gmt":"2021-09-22T23:13:34","slug":"frhnamogstorf","status":"publish","type":"page","link":"https:\/\/frokensmart.is\/siggi\/sigurdur-skulason\/namogstorf\/frhnamogstorf\/","title":{"rendered":"N\u00e1m og st\u00f6rf framhald"},"content":{"rendered":"\t\t<div data-elementor-type=\"wp-page\" data-elementor-id=\"307\" class=\"elementor elementor-307\" data-elementor-post-type=\"page\">\n\t\t\t\t\t\t\t\t\t<section class=\"elementor-section elementor-top-section elementor-element elementor-element-62576bab elementor-section-boxed elementor-section-height-default elementor-section-height-default\" data-id=\"62576bab\" data-element_type=\"section\">\n\t\t\t\t\t\t<div class=\"elementor-container elementor-column-gap-default\">\n\t\t\t\t\t<div class=\"elementor-column elementor-col-100 elementor-top-column elementor-element elementor-element-3748bb21\" data-id=\"3748bb21\" data-element_type=\"column\">\n\t\t\t<div class=\"elementor-widget-wrap elementor-element-populated\">\n\t\t\t\t\t\t\t\t<div class=\"elementor-element elementor-element-347336e5 elementor-widget elementor-widget-image\" data-id=\"347336e5\" data-element_type=\"widget\" data-widget_type=\"image.default\">\n\t\t\t\t<div class=\"elementor-widget-container\">\n\t\t\t<style>\/*! elementor - v3.14.0 - 18-06-2023 *\/\n.elementor-widget-image{text-align:center}.elementor-widget-image a{display:inline-block}.elementor-widget-image a img[src$=\".svg\"]{width:48px}.elementor-widget-image img{vertical-align:middle;display:inline-block}<\/style>\t\t\t\t\t\t\t\t\t\t\t\t\t<a href=\"https:\/\/frokensmart.is\/siggi\/\">\n\t\t\t\t\t\t\t<img decoding=\"async\" src=\"https:\/\/frokensmart.is\/siggi\/wp-content\/uploads\/elementor\/thumbs\/shapeimage_2-1-pczg5l7lqftsma6h7qwf5iblvc0lh6u1wd98q934as.png\" title=\"shapeimage_2\" alt=\"shapeimage_2\" loading=\"lazy\" \/>\t\t\t\t\t\t\t\t<\/a>\n\t\t\t\t\t\t\t\t\t\t\t\t\t\t\t<\/div>\n\t\t\t\t<\/div>\n\t\t\t\t<div class=\"elementor-element elementor-element-37b04292 elementor-widget elementor-widget-image\" data-id=\"37b04292\" data-element_type=\"widget\" data-widget_type=\"image.default\">\n\t\t\t\t<div class=\"elementor-widget-container\">\n\t\t\t\t\t\t\t\t\t\t\t\t\t\t\t<img loading=\"lazy\" decoding=\"async\" width=\"1000\" height=\"1\" src=\"https:\/\/frokensmart.is\/siggi\/wp-content\/uploads\/2021\/09\/shapeimage_1.jpg\" class=\"attachment-1536x1536 size-1536x1536 wp-image-224\" alt=\"\" srcset=\"https:\/\/frokensmart.is\/siggi\/wp-content\/uploads\/2021\/09\/shapeimage_1.jpg 1000w, https:\/\/frokensmart.is\/siggi\/wp-content\/uploads\/2021\/09\/shapeimage_1-300x1.jpg 300w, https:\/\/frokensmart.is\/siggi\/wp-content\/uploads\/2021\/09\/shapeimage_1-150x1.jpg 150w, https:\/\/frokensmart.is\/siggi\/wp-content\/uploads\/2021\/09\/shapeimage_1-768x1.jpg 768w\" sizes=\"auto, (max-width: 1000px) 100vw, 1000px\" \/>\t\t\t\t\t\t\t\t\t\t\t\t\t\t\t<\/div>\n\t\t\t\t<\/div>\n\t\t\t\t\t<\/div>\n\t\t<\/div>\n\t\t\t\t\t\t\t<\/div>\n\t\t<\/section>\n\t\t\t\t<section class=\"elementor-section elementor-top-section elementor-element elementor-element-3e48c3ad elementor-section-boxed elementor-section-height-default elementor-section-height-default\" data-id=\"3e48c3ad\" data-element_type=\"section\">\n\t\t\t\t\t\t<div class=\"elementor-container elementor-column-gap-default\">\n\t\t\t\t\t<div class=\"elementor-column elementor-col-100 elementor-top-column elementor-element elementor-element-50e7ccfc\" data-id=\"50e7ccfc\" data-element_type=\"column\">\n\t\t\t<div class=\"elementor-widget-wrap elementor-element-populated\">\n\t\t\t\t\t\t\t\t<div class=\"elementor-element elementor-element-422dead0 elementor-nav-menu__text-align-center elementor-nav-menu__align-justify elementor-nav-menu--dropdown-tablet elementor-widget elementor-widget-nav-menu\" data-id=\"422dead0\" data-element_type=\"widget\" data-settings=\"{&quot;layout&quot;:&quot;horizontal&quot;,&quot;submenu_icon&quot;:{&quot;value&quot;:&quot;&lt;i class=\\&quot;fas fa-caret-down\\&quot;&gt;&lt;\\\/i&gt;&quot;,&quot;library&quot;:&quot;fa-solid&quot;}}\" data-widget_type=\"nav-menu.default\">\n\t\t\t\t<div class=\"elementor-widget-container\">\n\t\t\t<link rel=\"stylesheet\" href=\"https:\/\/frokensmart.is\/siggi\/wp-content\/plugins\/elementor-pro\/assets\/css\/widget-nav-menu.min.css\">\t\t\t<nav class=\"elementor-nav-menu--main elementor-nav-menu__container elementor-nav-menu--layout-horizontal e--pointer-none\">\n\t\t\t\t<ul id=\"menu-1-422dead0\" class=\"elementor-nav-menu\"><li class=\"menu-item menu-item-type-post_type menu-item-object-page menu-item-1618\"><a href=\"https:\/\/frokensmart.is\/siggi\/namogstorf\/\" class=\"elementor-item\">N\u00e1m og st\u00f6rf<\/a><\/li>\n<li class=\"menu-item menu-item-type-post_type menu-item-object-page menu-item-2204\"><a href=\"https:\/\/frokensmart.is\/siggi\/?page_id=1527\" class=\"elementor-item\">Leikh\u00fas<\/a><\/li>\n<li class=\"menu-item menu-item-type-post_type menu-item-object-page menu-item-2276\"><a href=\"https:\/\/frokensmart.is\/siggi\/utvarp\/\" class=\"elementor-item\">\u00datvarp<\/a><\/li>\n<li class=\"menu-item menu-item-type-post_type menu-item-object-page menu-item-2274\"><a href=\"https:\/\/frokensmart.is\/siggi\/sjonvarp\/\" class=\"elementor-item\">Sj\u00f3nvarp<\/a><\/li>\n<li class=\"menu-item menu-item-type-post_type menu-item-object-page menu-item-2701\"><a href=\"https:\/\/frokensmart.is\/siggi\/?page_id=2277\" class=\"elementor-item\">Kvikmyndir<\/a><\/li>\n<li class=\"menu-item menu-item-type-post_type menu-item-object-page menu-item-2700\"><a href=\"https:\/\/frokensmart.is\/siggi\/ritstorf\/\" class=\"elementor-item\">Ritst\u00f6rf<\/a><\/li>\n<li class=\"menu-item menu-item-type-post_type menu-item-object-page menu-item-2703\"><a href=\"https:\/\/frokensmart.is\/siggi\/?page_id=2489\" class=\"elementor-item\">Hlj\u00f3\u00f0b\u00e6kur<\/a><\/li>\n<li class=\"menu-item menu-item-type-post_type menu-item-object-page menu-item-2699\"><a href=\"https:\/\/frokensmart.is\/siggi\/umsagnir\/\" class=\"elementor-item\">Umsagnir\/Vi\u00f0urkenningar<\/a><\/li>\n<li class=\"menu-item menu-item-type-post_type menu-item-object-page menu-item-2698\"><a href=\"https:\/\/frokensmart.is\/siggi\/?page_id=2686\" class=\"elementor-item\">Lj\u00f3smyndir \u00fat leikh\u00fasinu<\/a><\/li>\n<li class=\"menu-item menu-item-type-post_type menu-item-object-page menu-item-2809\"><a href=\"https:\/\/frokensmart.is\/siggi\/?page_id=2704\" class=\"elementor-item\">CV<\/a><\/li>\n<\/ul>\t\t\t<\/nav>\n\t\t\t\t\t\t<nav class=\"elementor-nav-menu--dropdown elementor-nav-menu__container\" aria-hidden=\"true\">\n\t\t\t\t<ul id=\"menu-2-422dead0\" class=\"elementor-nav-menu\"><li class=\"menu-item menu-item-type-post_type menu-item-object-page menu-item-1618\"><a href=\"https:\/\/frokensmart.is\/siggi\/namogstorf\/\" class=\"elementor-item\" tabindex=\"-1\">N\u00e1m og st\u00f6rf<\/a><\/li>\n<li class=\"menu-item menu-item-type-post_type menu-item-object-page menu-item-2204\"><a href=\"https:\/\/frokensmart.is\/siggi\/?page_id=1527\" class=\"elementor-item\" tabindex=\"-1\">Leikh\u00fas<\/a><\/li>\n<li class=\"menu-item menu-item-type-post_type menu-item-object-page menu-item-2276\"><a href=\"https:\/\/frokensmart.is\/siggi\/utvarp\/\" class=\"elementor-item\" tabindex=\"-1\">\u00datvarp<\/a><\/li>\n<li class=\"menu-item menu-item-type-post_type menu-item-object-page menu-item-2274\"><a href=\"https:\/\/frokensmart.is\/siggi\/sjonvarp\/\" class=\"elementor-item\" tabindex=\"-1\">Sj\u00f3nvarp<\/a><\/li>\n<li class=\"menu-item menu-item-type-post_type menu-item-object-page menu-item-2701\"><a href=\"https:\/\/frokensmart.is\/siggi\/?page_id=2277\" class=\"elementor-item\" tabindex=\"-1\">Kvikmyndir<\/a><\/li>\n<li class=\"menu-item menu-item-type-post_type menu-item-object-page menu-item-2700\"><a href=\"https:\/\/frokensmart.is\/siggi\/ritstorf\/\" class=\"elementor-item\" tabindex=\"-1\">Ritst\u00f6rf<\/a><\/li>\n<li class=\"menu-item menu-item-type-post_type menu-item-object-page menu-item-2703\"><a href=\"https:\/\/frokensmart.is\/siggi\/?page_id=2489\" class=\"elementor-item\" tabindex=\"-1\">Hlj\u00f3\u00f0b\u00e6kur<\/a><\/li>\n<li class=\"menu-item menu-item-type-post_type menu-item-object-page menu-item-2699\"><a href=\"https:\/\/frokensmart.is\/siggi\/umsagnir\/\" class=\"elementor-item\" tabindex=\"-1\">Umsagnir\/Vi\u00f0urkenningar<\/a><\/li>\n<li class=\"menu-item menu-item-type-post_type menu-item-object-page menu-item-2698\"><a href=\"https:\/\/frokensmart.is\/siggi\/?page_id=2686\" class=\"elementor-item\" tabindex=\"-1\">Lj\u00f3smyndir \u00fat leikh\u00fasinu<\/a><\/li>\n<li class=\"menu-item menu-item-type-post_type menu-item-object-page menu-item-2809\"><a href=\"https:\/\/frokensmart.is\/siggi\/?page_id=2704\" class=\"elementor-item\" tabindex=\"-1\">CV<\/a><\/li>\n<\/ul>\t\t\t<\/nav>\n\t\t\t\t<\/div>\n\t\t\t\t<\/div>\n\t\t\t\t\t<\/div>\n\t\t<\/div>\n\t\t\t\t\t\t\t<\/div>\n\t\t<\/section>\n\t\t\t\t<section class=\"elementor-section elementor-top-section elementor-element elementor-element-65673987 elementor-section-boxed elementor-section-height-default elementor-section-height-default\" data-id=\"65673987\" data-element_type=\"section\">\n\t\t\t\t\t\t<div class=\"elementor-container elementor-column-gap-no\">\n\t\t\t\t\t<div class=\"elementor-column elementor-col-11 elementor-top-column elementor-element elementor-element-7b5c7508\" data-id=\"7b5c7508\" data-element_type=\"column\">\n\t\t\t<div class=\"elementor-widget-wrap elementor-element-populated\">\n\t\t\t\t\t\t\t\t<div class=\"elementor-element elementor-element-53d0842f elementor-widget elementor-widget-text-editor\" data-id=\"53d0842f\" data-element_type=\"widget\" data-widget_type=\"text-editor.default\">\n\t\t\t\t<div class=\"elementor-widget-container\">\n\t\t\t<style>\/*! elementor - v3.14.0 - 18-06-2023 *\/\n.elementor-widget-text-editor.elementor-drop-cap-view-stacked .elementor-drop-cap{background-color:#69727d;color:#fff}.elementor-widget-text-editor.elementor-drop-cap-view-framed .elementor-drop-cap{color:#69727d;border:3px solid;background-color:transparent}.elementor-widget-text-editor:not(.elementor-drop-cap-view-default) .elementor-drop-cap{margin-top:8px}.elementor-widget-text-editor:not(.elementor-drop-cap-view-default) .elementor-drop-cap-letter{width:1em;height:1em}.elementor-widget-text-editor .elementor-drop-cap{float:left;text-align:center;line-height:1;font-size:50px}.elementor-widget-text-editor .elementor-drop-cap-letter{display:inline-block}<\/style>\t\t\t\t<p><span style=\"color: #333333;\"><a style=\"color: #333333;\" href=\"https:\/\/frokensmart.is\/siggi\/sigurdur-skulason\/namogstorf\/\">Stud&amp;Work<\/a><\/span><\/p>\t\t\t\t\t\t<\/div>\n\t\t\t\t<\/div>\n\t\t\t\t\t<\/div>\n\t\t<\/div>\n\t\t\t\t<div class=\"elementor-column elementor-col-11 elementor-top-column elementor-element elementor-element-1f1ce682\" data-id=\"1f1ce682\" data-element_type=\"column\">\n\t\t\t<div class=\"elementor-widget-wrap elementor-element-populated\">\n\t\t\t\t\t\t\t\t<div class=\"elementor-element elementor-element-5715ff97 elementor-widget elementor-widget-text-editor\" data-id=\"5715ff97\" data-element_type=\"widget\" data-widget_type=\"text-editor.default\">\n\t\t\t\t<div class=\"elementor-widget-container\">\n\t\t\t\t\t\t\t<p><span style=\"color: #333333;\"><a style=\"color: #333333;\" href=\"https:\/\/frokensmart.is\/siggi\/sigurdur-skulason\/leikhus\/\">Theater<\/a><\/span><\/p>\t\t\t\t\t\t<\/div>\n\t\t\t\t<\/div>\n\t\t\t\t\t<\/div>\n\t\t<\/div>\n\t\t\t\t<div class=\"elementor-column elementor-col-11 elementor-top-column elementor-element elementor-element-5a25a4fa\" data-id=\"5a25a4fa\" data-element_type=\"column\">\n\t\t\t<div class=\"elementor-widget-wrap elementor-element-populated\">\n\t\t\t\t\t\t\t\t<div class=\"elementor-element elementor-element-53bfd06e elementor-widget elementor-widget-text-editor\" data-id=\"53bfd06e\" data-element_type=\"widget\" data-widget_type=\"text-editor.default\">\n\t\t\t\t<div class=\"elementor-widget-container\">\n\t\t\t\t\t\t\t<p><span style=\"color: #333333;\"><a style=\"color: #333333;\" href=\"https:\/\/frokensmart.is\/siggi\/sigurdur-skulason\/utvarp\/\">\u00a0Radio<\/a><\/span><\/p>\t\t\t\t\t\t<\/div>\n\t\t\t\t<\/div>\n\t\t\t\t\t<\/div>\n\t\t<\/div>\n\t\t\t\t<div class=\"elementor-column elementor-col-11 elementor-top-column elementor-element elementor-element-90ae651\" data-id=\"90ae651\" data-element_type=\"column\">\n\t\t\t<div class=\"elementor-widget-wrap elementor-element-populated\">\n\t\t\t\t\t\t\t\t<div class=\"elementor-element elementor-element-3520f57d elementor-widget elementor-widget-text-editor\" data-id=\"3520f57d\" data-element_type=\"widget\" data-widget_type=\"text-editor.default\">\n\t\t\t\t<div class=\"elementor-widget-container\">\n\t\t\t\t\t\t\t<p><span style=\"color: #333333;\"><a style=\"color: #333333;\" href=\"_wp_link_placeholder\" data-wplink-edit=\"true\">\u00a0 \u00a0 TV<\/a><\/span><\/p>\t\t\t\t\t\t<\/div>\n\t\t\t\t<\/div>\n\t\t\t\t\t<\/div>\n\t\t<\/div>\n\t\t\t\t<div class=\"elementor-column elementor-col-11 elementor-top-column elementor-element elementor-element-7e5a2c43\" data-id=\"7e5a2c43\" data-element_type=\"column\">\n\t\t\t<div class=\"elementor-widget-wrap elementor-element-populated\">\n\t\t\t\t\t\t\t\t<div class=\"elementor-element elementor-element-67fa3ce elementor-widget elementor-widget-text-editor\" data-id=\"67fa3ce\" data-element_type=\"widget\" data-widget_type=\"text-editor.default\">\n\t\t\t\t<div class=\"elementor-widget-container\">\n\t\t\t\t\t\t\t<p><span style=\"color: #333333;\"><a style=\"color: #333333;\" href=\"https:\/\/frokensmart.is\/siggi\/sigurdur-skulason\/kvikvmyndir\/\">Films<\/a><\/span><\/p>\t\t\t\t\t\t<\/div>\n\t\t\t\t<\/div>\n\t\t\t\t\t<\/div>\n\t\t<\/div>\n\t\t\t\t<div class=\"elementor-column elementor-col-11 elementor-top-column elementor-element elementor-element-28331b8b\" data-id=\"28331b8b\" data-element_type=\"column\">\n\t\t\t<div class=\"elementor-widget-wrap elementor-element-populated\">\n\t\t\t\t\t\t\t\t<div class=\"elementor-element elementor-element-4c39d143 elementor-widget elementor-widget-text-editor\" data-id=\"4c39d143\" data-element_type=\"widget\" data-widget_type=\"text-editor.default\">\n\t\t\t\t<div class=\"elementor-widget-container\">\n\t\t\t\t\t\t\t<p><span style=\"color: #333333;\"><a style=\"color: #333333;\" href=\"https:\/\/frokensmart.is\/siggi\/sigurdur-skulason\/ritstorf\/\">\u00a0 \u00a0 Writings<\/a><\/span><\/p>\t\t\t\t\t\t<\/div>\n\t\t\t\t<\/div>\n\t\t\t\t\t<\/div>\n\t\t<\/div>\n\t\t\t\t<div class=\"elementor-column elementor-col-11 elementor-top-column elementor-element elementor-element-e93b160\" data-id=\"e93b160\" data-element_type=\"column\">\n\t\t\t<div class=\"elementor-widget-wrap elementor-element-populated\">\n\t\t\t\t\t\t\t\t<div class=\"elementor-element elementor-element-46ac0477 elementor-widget elementor-widget-text-editor\" data-id=\"46ac0477\" data-element_type=\"widget\" data-widget_type=\"text-editor.default\">\n\t\t\t\t<div class=\"elementor-widget-container\">\n\t\t\t\t\t\t\t<p><span style=\"color: #333333;\"><a style=\"color: #333333;\" href=\"https:\/\/frokensmart.is\/siggi\/sigurdur-skulason\/hljodbaekur\/\">Audio-Books<\/a><\/span><\/p>\t\t\t\t\t\t<\/div>\n\t\t\t\t<\/div>\n\t\t\t\t\t<\/div>\n\t\t<\/div>\n\t\t\t\t<div class=\"elementor-column elementor-col-11 elementor-top-column elementor-element elementor-element-255309ac\" data-id=\"255309ac\" data-element_type=\"column\">\n\t\t\t<div class=\"elementor-widget-wrap elementor-element-populated\">\n\t\t\t\t\t\t\t\t<div class=\"elementor-element elementor-element-13f57b86 elementor-widget elementor-widget-text-editor\" data-id=\"13f57b86\" data-element_type=\"widget\" data-widget_type=\"text-editor.default\">\n\t\t\t\t<div class=\"elementor-widget-container\">\n\t\t\t\t\t\t\t<p><span style=\"color: #333333;\"><a style=\"color: #333333;\" href=\"https:\/\/frokensmart.is\/siggi\/sigurdur-skulason\/umsagnir\/\">\u00a0Reviews\/Awards<\/a><\/span><\/p>\t\t\t\t\t\t<\/div>\n\t\t\t\t<\/div>\n\t\t\t\t\t<\/div>\n\t\t<\/div>\n\t\t\t\t<div class=\"elementor-column elementor-col-11 elementor-top-column elementor-element elementor-element-537519e3\" data-id=\"537519e3\" data-element_type=\"column\">\n\t\t\t<div class=\"elementor-widget-wrap elementor-element-populated\">\n\t\t\t\t\t\t\t\t<div class=\"elementor-element elementor-element-53bb3faf elementor-widget elementor-widget-text-editor\" data-id=\"53bb3faf\" data-element_type=\"widget\" data-widget_type=\"text-editor.default\">\n\t\t\t\t<div class=\"elementor-widget-container\">\n\t\t\t\t\t\t\t<p>\u00a0 \u00a0 \u00a0 \u00a0 \u00a0 \u00a0 <span style=\"color: #333333;\"><a style=\"color: #333333;\" href=\"https:\/\/frokensmart.is\/siggi\/sigurdur-skulason\/ljosmyndirurleikhusi\/\">\u00a0 \u00a0Photos<\/a><\/span><\/p>\t\t\t\t\t\t<\/div>\n\t\t\t\t<\/div>\n\t\t\t\t\t<\/div>\n\t\t<\/div>\n\t\t\t\t\t\t\t<\/div>\n\t\t<\/section>\n\t\t\t\t<section class=\"elementor-section elementor-top-section elementor-element elementor-element-215313b elementor-section-boxed elementor-section-height-default elementor-section-height-default\" data-id=\"215313b\" data-element_type=\"section\">\n\t\t\t\t\t\t<div class=\"elementor-container elementor-column-gap-extended\">\n\t\t\t\t\t<div class=\"elementor-column elementor-col-100 elementor-top-column elementor-element elementor-element-861d929\" data-id=\"861d929\" data-element_type=\"column\">\n\t\t\t<div class=\"elementor-widget-wrap elementor-element-populated\">\n\t\t\t\t\t\t\t\t<div class=\"elementor-element elementor-element-3849d13 elementor-widget elementor-widget-heading\" data-id=\"3849d13\" data-element_type=\"widget\" data-widget_type=\"heading.default\">\n\t\t\t\t<div class=\"elementor-widget-container\">\n\t\t\t<style>\/*! elementor - v3.14.0 - 18-06-2023 *\/\n.elementor-heading-title{padding:0;margin:0;line-height:1}.elementor-widget-heading .elementor-heading-title[class*=elementor-size-]>a{color:inherit;font-size:inherit;line-height:inherit}.elementor-widget-heading .elementor-heading-title.elementor-size-small{font-size:15px}.elementor-widget-heading .elementor-heading-title.elementor-size-medium{font-size:19px}.elementor-widget-heading .elementor-heading-title.elementor-size-large{font-size:29px}.elementor-widget-heading .elementor-heading-title.elementor-size-xl{font-size:39px}.elementor-widget-heading .elementor-heading-title.elementor-size-xxl{font-size:59px}<\/style><h1 class=\"elementor-heading-title elementor-size-default\">n\u00e1mskei\u00f0 og endurmenntun n\u00e1nar<\/h1>\t\t<\/div>\n\t\t\t\t<\/div>\n\t\t\t\t\t<\/div>\n\t\t<\/div>\n\t\t\t\t\t\t\t<\/div>\n\t\t<\/section>\n\t\t\t\t<section class=\"elementor-section elementor-top-section elementor-element elementor-element-e65f3c1 elementor-section-boxed elementor-section-height-default elementor-section-height-default\" data-id=\"e65f3c1\" data-element_type=\"section\">\n\t\t\t\t\t\t<div class=\"elementor-container elementor-column-gap-default\">\n\t\t\t\t\t<div class=\"elementor-column elementor-col-50 elementor-top-column elementor-element elementor-element-9c4106c\" data-id=\"9c4106c\" data-element_type=\"column\">\n\t\t\t<div class=\"elementor-widget-wrap elementor-element-populated\">\n\t\t\t\t\t\t\t\t<div class=\"elementor-element elementor-element-e81d65e elementor-widget elementor-widget-text-editor\" data-id=\"e81d65e\" data-element_type=\"widget\" data-widget_type=\"text-editor.default\">\n\t\t\t\t<div class=\"elementor-widget-container\">\n\t\t\t\t\t\t\t<p>M\u00e1 \u00fear me\u00f0al annars nefna regluleg raddn\u00e1mskei\u00f0 hj\u00e1 Nadine George um langt \u00e1rabil, raddn\u00e1mskei\u00f0 hj\u00e1 Cecile Berry, n\u00e1mskei\u00f0 \u00ed leik hj\u00e1 Kaisu Korhonen og Ritvu Holmberg, hj\u00e1 Per Enquist, svi\u00f0shreyfingar og \u00e1flog \u00e1 leiksvi\u00f0i hj\u00e1 Nikolaj Karpov, n\u00e1mskei\u00f0 \u00ed gr\u00edmubur\u00f0i hj\u00e1 Thanos Vovolis og Giorgos Zamboulakis, leiklistarn\u00e1mskei\u00f0 hj\u00e1 Suzanne Osten og Ann-Sofie B\u00e1r\u00e1ny, svo nokkur s\u00e9u nefnd.\u00a0<br \/><br \/>Sigur\u00f0ur hefur einnig s\u00f3tt \u00fdmis n\u00e1mskei\u00f0 \u00e1 vegum Endurmenntunarstofnunar H\u00e1sk\u00f3la \u00cdslands og Leikmannask\u00f3la \u00dej\u00f3\u00f0kirkjunnar, s.s. \u00ed Freud og kenningum hans, Pass\u00edus\u00e1lmunum, A\u00f0 skrifa gott \u00edslenskt m\u00e1l, Ibsen og Villi\u00f6ndinni, Jobsb\u00f3k, Tr\u00faarlegum stefjum \u00ed verkum N\u00f3belsk\u00e1ldsins, S\u00e1lg\u00e6slu, William Shakespeare, Dostojevsk\u00ed, Bragfr\u00e6\u00f0i og Ritlist.<\/p>\t\t\t\t\t\t<\/div>\n\t\t\t\t<\/div>\n\t\t\t\t\t<\/div>\n\t\t<\/div>\n\t\t\t\t<div class=\"elementor-column elementor-col-25 elementor-top-column elementor-element elementor-element-09673ee\" data-id=\"09673ee\" data-element_type=\"column\">\n\t\t\t<div class=\"elementor-widget-wrap\">\n\t\t\t\t\t\t\t\t\t<\/div>\n\t\t<\/div>\n\t\t\t\t<div class=\"elementor-column elementor-col-25 elementor-top-column elementor-element elementor-element-16feab0\" data-id=\"16feab0\" data-element_type=\"column\">\n\t\t\t<div class=\"elementor-widget-wrap\">\n\t\t\t\t\t\t\t\t\t<\/div>\n\t\t<\/div>\n\t\t\t\t\t\t\t<\/div>\n\t\t<\/section>\n\t\t\t\t\t\t\t<\/div>\n\t\t","protected":false},"excerpt":{"rendered":"<p>Stud&amp;Work Theater \u00a0Radio \u00a0 \u00a0 TV Films \u00a0 \u00a0 Writings Audio-Books \u00a0Reviews\/Awards \u00a0 \u00a0 \u00a0 \u00a0 \u00a0 \u00a0 \u00a0 \u00a0Photos n\u00e1mskei\u00f0 og endurmenntun n\u00e1nar M\u00e1 \u00fear me\u00f0al annars nefna regluleg raddn\u00e1mskei\u00f0 hj\u00e1 Nadine George um langt \u00e1rabil, raddn\u00e1mskei\u00f0 hj\u00e1 Cecile Berry, n\u00e1mskei\u00f0 \u00ed leik hj\u00e1 Kaisu Korhonen og Ritvu Holmberg, hj\u00e1 Per Enquist, svi\u00f0shreyfingar og [&hellip;]<\/p>\n","protected":false},"author":1,"featured_media":0,"parent":219,"menu_order":0,"comment_status":"closed","ping_status":"closed","template":"","meta":{"footnotes":""},"class_list":["post-307","page","type-page","status-publish","hentry"],"_links":{"self":[{"href":"https:\/\/frokensmart.is\/siggi\/wp-json\/wp\/v2\/pages\/307","targetHints":{"allow":["GET"]}}],"collection":[{"href":"https:\/\/frokensmart.is\/siggi\/wp-json\/wp\/v2\/pages"}],"about":[{"href":"https:\/\/frokensmart.is\/siggi\/wp-json\/wp\/v2\/types\/page"}],"author":[{"embeddable":true,"href":"https:\/\/frokensmart.is\/siggi\/wp-json\/wp\/v2\/users\/1"}],"replies":[{"embeddable":true,"href":"https:\/\/frokensmart.is\/siggi\/wp-json\/wp\/v2\/comments?post=307"}],"version-history":[{"count":26,"href":"https:\/\/frokensmart.is\/siggi\/wp-json\/wp\/v2\/pages\/307\/revisions"}],"predecessor-version":[{"id":1460,"href":"https:\/\/frokensmart.is\/siggi\/wp-json\/wp\/v2\/pages\/307\/revisions\/1460"}],"up":[{"embeddable":true,"href":"https:\/\/frokensmart.is\/siggi\/wp-json\/wp\/v2\/pages\/219"}],"wp:attachment":[{"href":"https:\/\/frokensmart.is\/siggi\/wp-json\/wp\/v2\/media?parent=307"}],"curies":[{"name":"wp","href":"https:\/\/api.w.org\/{rel}","templated":true}]}}