{"id":677,"date":"2021-09-12T21:26:54","date_gmt":"2021-09-12T21:26:54","guid":{"rendered":"https:\/\/frokensmart.is\/siggi\/?page_id=677"},"modified":"2021-09-22T23:19:34","modified_gmt":"2021-09-22T23:19:34","slug":"cv","status":"publish","type":"page","link":"https:\/\/frokensmart.is\/siggi\/sigurdur-skulason\/cv\/","title":{"rendered":"CV"},"content":{"rendered":"\t\t<div data-elementor-type=\"wp-page\" data-elementor-id=\"677\" class=\"elementor elementor-677\" data-elementor-post-type=\"page\">\n\t\t\t\t\t\t\t\t\t<section class=\"elementor-section elementor-top-section elementor-element elementor-element-b34baae elementor-section-boxed elementor-section-height-default elementor-section-height-default\" data-id=\"b34baae\" data-element_type=\"section\">\n\t\t\t\t\t\t<div class=\"elementor-container elementor-column-gap-default\">\n\t\t\t\t\t<div class=\"elementor-column elementor-col-100 elementor-top-column elementor-element elementor-element-285a09c\" data-id=\"285a09c\" data-element_type=\"column\">\n\t\t\t<div class=\"elementor-widget-wrap elementor-element-populated\">\n\t\t\t\t\t\t\t\t<div class=\"elementor-element elementor-element-60cd8fd elementor-absolute elementor-widget elementor-widget-global elementor-global-1166 elementor-widget-text-editor\" data-id=\"60cd8fd\" data-element_type=\"widget\" data-settings=\"{&quot;_position&quot;:&quot;absolute&quot;}\" data-widget_type=\"text-editor.default\">\n\t\t\t\t<div class=\"elementor-widget-container\">\n\t\t\t<style>\/*! elementor - v3.14.0 - 18-06-2023 *\/\n.elementor-widget-text-editor.elementor-drop-cap-view-stacked .elementor-drop-cap{background-color:#69727d;color:#fff}.elementor-widget-text-editor.elementor-drop-cap-view-framed .elementor-drop-cap{color:#69727d;border:3px solid;background-color:transparent}.elementor-widget-text-editor:not(.elementor-drop-cap-view-default) .elementor-drop-cap{margin-top:8px}.elementor-widget-text-editor:not(.elementor-drop-cap-view-default) .elementor-drop-cap-letter{width:1em;height:1em}.elementor-widget-text-editor .elementor-drop-cap{float:left;text-align:center;line-height:1;font-size:50px}.elementor-widget-text-editor .elementor-drop-cap-letter{display:inline-block}<\/style>\t\t\t\t<p><span style=\"color: #ffffff;\"><a style=\"color: #ffffff;\" href=\"https:\/\/frokensmart.is\/siggi\/\">Til baka<\/a><\/span><\/p>\t\t\t\t\t\t<\/div>\n\t\t\t\t<\/div>\n\t\t\t\t\t<\/div>\n\t\t<\/div>\n\t\t\t\t\t\t\t<\/div>\n\t\t<\/section>\n\t\t\t\t<section class=\"elementor-section elementor-top-section elementor-element elementor-element-2997034a elementor-section-boxed elementor-section-height-default elementor-section-height-default\" data-id=\"2997034a\" data-element_type=\"section\">\n\t\t\t\t\t\t<div class=\"elementor-container elementor-column-gap-default\">\n\t\t\t\t\t<div class=\"elementor-column elementor-col-100 elementor-top-column elementor-element elementor-element-6b724c6b\" data-id=\"6b724c6b\" data-element_type=\"column\">\n\t\t\t<div class=\"elementor-widget-wrap elementor-element-populated\">\n\t\t\t\t\t\t\t\t<div class=\"elementor-element elementor-element-7840df6f elementor-widget elementor-widget-image\" data-id=\"7840df6f\" data-element_type=\"widget\" data-widget_type=\"image.default\">\n\t\t\t\t<div class=\"elementor-widget-container\">\n\t\t\t<style>\/*! elementor - v3.14.0 - 18-06-2023 *\/\n.elementor-widget-image{text-align:center}.elementor-widget-image a{display:inline-block}.elementor-widget-image a img[src$=\".svg\"]{width:48px}.elementor-widget-image img{vertical-align:middle;display:inline-block}<\/style>\t\t\t\t\t\t\t\t\t\t\t\t\t<a href=\"https:\/\/frokensmart.is\/siggi\/\">\n\t\t\t\t\t\t\t<img decoding=\"async\" src=\"https:\/\/frokensmart.is\/siggi\/wp-content\/uploads\/elementor\/thumbs\/shapeimage_2-1-pczg5l7lqftsma6h7qwf5iblvc0lh6u1wd98q934as.png\" title=\"shapeimage_2\" alt=\"shapeimage_2\" loading=\"lazy\" \/>\t\t\t\t\t\t\t\t<\/a>\n\t\t\t\t\t\t\t\t\t\t\t\t\t\t\t<\/div>\n\t\t\t\t<\/div>\n\t\t\t\t<div class=\"elementor-element elementor-element-12f8bfbc elementor-widget elementor-widget-image\" data-id=\"12f8bfbc\" data-element_type=\"widget\" data-widget_type=\"image.default\">\n\t\t\t\t<div class=\"elementor-widget-container\">\n\t\t\t\t\t\t\t\t\t\t\t\t\t\t\t<img loading=\"lazy\" decoding=\"async\" width=\"1000\" height=\"1\" src=\"https:\/\/frokensmart.is\/siggi\/wp-content\/uploads\/2021\/09\/shapeimage_1.jpg\" class=\"attachment-1536x1536 size-1536x1536 wp-image-224\" alt=\"\" srcset=\"https:\/\/frokensmart.is\/siggi\/wp-content\/uploads\/2021\/09\/shapeimage_1.jpg 1000w, https:\/\/frokensmart.is\/siggi\/wp-content\/uploads\/2021\/09\/shapeimage_1-300x1.jpg 300w, https:\/\/frokensmart.is\/siggi\/wp-content\/uploads\/2021\/09\/shapeimage_1-150x1.jpg 150w, https:\/\/frokensmart.is\/siggi\/wp-content\/uploads\/2021\/09\/shapeimage_1-768x1.jpg 768w\" sizes=\"auto, (max-width: 1000px) 100vw, 1000px\" \/>\t\t\t\t\t\t\t\t\t\t\t\t\t\t\t<\/div>\n\t\t\t\t<\/div>\n\t\t\t\t\t<\/div>\n\t\t<\/div>\n\t\t\t\t\t\t\t<\/div>\n\t\t<\/section>\n\t\t\t\t<section class=\"elementor-section elementor-top-section elementor-element elementor-element-67193d2 elementor-section-boxed elementor-section-height-default elementor-section-height-default\" data-id=\"67193d2\" data-element_type=\"section\">\n\t\t\t\t\t\t<div class=\"elementor-container elementor-column-gap-default\">\n\t\t\t\t\t<div class=\"elementor-column elementor-col-50 elementor-top-column elementor-element elementor-element-841a649\" data-id=\"841a649\" data-element_type=\"column\">\n\t\t\t<div class=\"elementor-widget-wrap elementor-element-populated\">\n\t\t\t\t\t\t\t\t<div class=\"elementor-element elementor-element-673c681 elementor-widget elementor-widget-text-editor\" data-id=\"673c681\" data-element_type=\"widget\" data-widget_type=\"text-editor.default\">\n\t\t\t\t<div class=\"elementor-widget-container\">\n\t\t\t\t\t\t\t<p>Sigur\u00f0ur Sk\u00falason was born in Reykjav\u00edk, Iceland, in 1946. He graduated from The Commercial College of Iceland in 1966 and from The Drama School of The National Theatre of Iceland in 1967.<\/p><p>At the age of ten Sigur\u00f0ur appeared for the first time on stage at The National Theatre but joined the theatre\u00b4s acting company as a permanent member shortly after finishing Drama School.<\/p><p>He has been a sought after actor for a wide variety of roles, serious and humorus, not only on stage but also for radio, television and films, by authors as far apart as Shakespeare, Chekhov and Ibsen and the ones that write the most frivolous comedies. In the span of his career these roles amount to aprroximately two hundred on stage alone.<\/p><p>A trade mark are Sigur\u00f0ur\u00b4s highly popular poetry recitals as well as his readings for audio-books and radio, and narrations for television programs. He has even rendered stories and poems in sign language on television.<\/p><p>Sigur\u00f0ur finds time to do his own writings and has had books of micro-stories and poetry published as well as different articles in newspapers and magazines and a variety of translations has reached the public\u00b4s eyes and ears.<\/p><p>Directing plays for the radio has also been among his activities together with teachings around Iceland and at The Icelandic Academy of The Arts in the form of courses in voice production and the delivery of text (the written word).<\/p><p>Sigur\u00f0ur\u00b4s artistic efforts have led to several nominations and awards for excellency in their (cultural) field.<\/p><p>In 2007 Sigur\u00f0ur retired from The National Theatre and is now a free-lance artist living in Reykjav\u00edk.<\/p>\t\t\t\t\t\t<\/div>\n\t\t\t\t<\/div>\n\t\t\t\t\t<\/div>\n\t\t<\/div>\n\t\t\t\t<div class=\"elementor-column elementor-col-50 elementor-top-column elementor-element elementor-element-810190c\" data-id=\"810190c\" data-element_type=\"column\">\n\t\t\t<div class=\"elementor-widget-wrap elementor-element-populated\">\n\t\t\t\t\t\t\t\t<div class=\"elementor-element elementor-element-5e9b34b elementor-widget elementor-widget-image\" data-id=\"5e9b34b\" data-element_type=\"widget\" data-widget_type=\"image.default\">\n\t\t\t\t<div class=\"elementor-widget-container\">\n\t\t\t\t\t\t\t\t\t\t\t\t\t\t\t<img loading=\"lazy\" decoding=\"async\" width=\"445\" height=\"395\" src=\"https:\/\/frokensmart.is\/siggi\/wp-content\/uploads\/2021\/09\/shapeimage_4-4.png\" class=\"attachment-large size-large wp-image-679\" alt=\"\" srcset=\"https:\/\/frokensmart.is\/siggi\/wp-content\/uploads\/2021\/09\/shapeimage_4-4.png 445w, https:\/\/frokensmart.is\/siggi\/wp-content\/uploads\/2021\/09\/shapeimage_4-4-300x266.png 300w\" sizes=\"auto, (max-width: 445px) 100vw, 445px\" \/>\t\t\t\t\t\t\t\t\t\t\t\t\t\t\t<\/div>\n\t\t\t\t<\/div>\n\t\t\t\t\t<\/div>\n\t\t<\/div>\n\t\t\t\t\t\t\t<\/div>\n\t\t<\/section>\n\t\t\t\t\t\t\t<\/div>\n\t\t","protected":false},"excerpt":{"rendered":"<p>Til baka Sigur\u00f0ur Sk\u00falason was born in Reykjav\u00edk, Iceland, in 1946. He graduated from The Commercial College of Iceland in 1966 and from The Drama School of The National Theatre of Iceland in 1967. At the age of ten Sigur\u00f0ur appeared for the first time on stage at The National Theatre but joined the theatre\u00b4s [&hellip;]<\/p>\n","protected":false},"author":1,"featured_media":0,"parent":16,"menu_order":0,"comment_status":"closed","ping_status":"closed","template":"","meta":{"footnotes":""},"class_list":["post-677","page","type-page","status-publish","hentry"],"_links":{"self":[{"href":"https:\/\/frokensmart.is\/siggi\/wp-json\/wp\/v2\/pages\/677","targetHints":{"allow":["GET"]}}],"collection":[{"href":"https:\/\/frokensmart.is\/siggi\/wp-json\/wp\/v2\/pages"}],"about":[{"href":"https:\/\/frokensmart.is\/siggi\/wp-json\/wp\/v2\/types\/page"}],"author":[{"embeddable":true,"href":"https:\/\/frokensmart.is\/siggi\/wp-json\/wp\/v2\/users\/1"}],"replies":[{"embeddable":true,"href":"https:\/\/frokensmart.is\/siggi\/wp-json\/wp\/v2\/comments?post=677"}],"version-history":[{"count":26,"href":"https:\/\/frokensmart.is\/siggi\/wp-json\/wp\/v2\/pages\/677\/revisions"}],"predecessor-version":[{"id":1467,"href":"https:\/\/frokensmart.is\/siggi\/wp-json\/wp\/v2\/pages\/677\/revisions\/1467"}],"up":[{"embeddable":true,"href":"https:\/\/frokensmart.is\/siggi\/wp-json\/wp\/v2\/pages\/16"}],"wp:attachment":[{"href":"https:\/\/frokensmart.is\/siggi\/wp-json\/wp\/v2\/media?parent=677"}],"curies":[{"name":"wp","href":"https:\/\/api.w.org\/{rel}","templated":true}]}}